{"id":10358,"date":"2025-12-02T21:34:20","date_gmt":"2025-12-02T20:34:20","guid":{"rendered":"https:\/\/rubystintengewisper.de\/?page_id=10358"},"modified":"2026-04-02T21:27:01","modified_gmt":"2026-04-02T20:27:01","slug":"2026-abc-challenge-zeit-fuer-neue-genres","status":"publish","type":"page","link":"https:\/\/rubystintengewisper.de\/?page_id=10358","title":{"rendered":"2026 ABC-Challenge \u2013 Zeit f\u00fcr neue Genres"},"content":{"rendered":"\n<p class=\"has-text-align-center\">Regeln und mehr findet ihr bei <a href=\"https:\/\/zeit-fuer-neue-genres.blogspot.com\/2025\/11\/anmeldung-abc-challenge-2026.html\" data-type=\"link\" data-id=\"https:\/\/zeit-fuer-neue-genres.blogspot.com\/2025\/11\/anmeldung-abc-challenge-2026.html\">Nicole auf dem Blog Zeit f\u00fcr neue Genre<\/a>s. Ziel ist es f\u00fcr jedes Buch ein passendes Buch zu lesen.<\/p>\n\n\n\n<ol class=\"wp-block-list\">\n<li>A:&nbsp;<\/li>\n\n\n\n<li>B:&nbsp;Betreutes Morden<\/li>\n\n\n\n<li>C:&nbsp;(The) Courting of Bristol Keats<\/li>\n\n\n\n<li>D:\u00a0<a href=\"https:\/\/rubystintengewisper.de\/?p=10791\" data-type=\"link\" data-id=\"https:\/\/rubystintengewisper.de\/?p=10791\">Dungeon Crawler Carl #1<\/a><\/li>\n\n\n\n<li>E:&nbsp;<\/li>\n\n\n\n<li>F:&nbsp;<a href=\"https:\/\/rubystintengewisper.de\/?p=10555\" data-type=\"link\" data-id=\"https:\/\/rubystintengewisper.de\/?p=10555\">(Der) Frosch mit der Maske<\/a><\/li>\n\n\n\n<li>G:<\/li>\n\n\n\n<li>H: <a href=\"https:\/\/rubystintengewisper.de\/?p=10622\" data-type=\"link\" data-id=\"https:\/\/rubystintengewisper.de\/?p=10622\">Halloween<\/a><\/li>\n\n\n\n<li>I:&nbsp;<\/li>\n\n\n\n<li>J: <\/li>\n\n\n\n<li>K:&nbsp;<\/li>\n\n\n\n<li>L:\u00a0<a href=\"https:\/\/rubystintengewisper.de\/?p=10570\" data-type=\"link\" data-id=\"https:\/\/rubystintengewisper.de\/?p=10570\">Lore<\/a><\/li>\n\n\n\n<li>M:&nbsp;<\/li>\n\n\n\n<li>N:&nbsp;<\/li>\n\n\n\n<li>O:&nbsp;<\/li>\n\n\n\n<li>P:&nbsp;<\/li>\n\n\n\n<li>Q:<\/li>\n\n\n\n<li>R:\u00a0(The) Red Winter<\/li>\n\n\n\n<li>S:\u00a0<a href=\"https:\/\/rubystintengewisper.de\/?p=10656\" data-type=\"link\" data-id=\"https:\/\/rubystintengewisper.de\/?p=10656\">Sister of the Moon<\/a><\/li>\n\n\n\n<li>T:\u00a0<a href=\"https:\/\/rubystintengewisper.de\/?p=10859\" data-type=\"link\" data-id=\"https:\/\/rubystintengewisper.de\/?p=10859\">Two can Play<\/a><\/li>\n\n\n\n<li>U:<\/li>\n\n\n\n<li>V:&nbsp;<\/li>\n\n\n\n<li>W: Wellengrab<\/li>\n\n\n\n<li>X:&nbsp;<\/li>\n\n\n\n<li>Y:&nbsp;<\/li>\n\n\n\n<li>Z:&nbsp;Zauberei und etwas Magie<\/li>\n<\/ol>\n\n\n\n<p class=\"has-text-align-center\" style=\"font-size:25px\"><strong>Kurz und knapp:<br>Wie funktioniert es?<\/strong><\/p>\n\n\n\n<p class=\"has-text-align-center\"><strong>Zahlen<\/strong>&nbsp;z\u00e4hlen nur, wenn diese ausgeschrieben sind.<\/p>\n\n\n\n<p class=\"has-text-align-center\">Ihr lest zu jedem Buchstaben des Alphabets einen passenden Titel, der mit dem Buchstaben anf\u00e4ngt, dabei werden&nbsp;<strong>bestimmte Artikel<\/strong>&nbsp;wie \u201eDer, Die, Das\u201c bzw. &#8222;The&#8220; bei englischsprachigen Titeln nicht ber\u00fccksichtigt.&nbsp;<\/p>\n\n\n\n<p class=\"has-text-align-center\"><strong>Ausnahme:<\/strong>&nbsp;Bei den schwierigen Buchstaben Q, X und Y muss der Buchstabe lediglich irgendwo im Titel vorhanden sein und nicht am Anfang wie bei den anderen Buchstaben.<\/p>\n\n\n\n<p class=\"has-text-align-center\"><strong>Umlaute<\/strong> z\u00e4hlen f\u00fcr den regul\u00e4ren Buchstaben (z.B. \u00dc = U)<\/p>\n\n\n\n<p class=\"has-text-align-center\"><strong>Unbestimmte Artikel<\/strong>&nbsp;(ein, eine, etc. bzw. a oder an bei englischsprachigen Titeln) z\u00e4hlen f\u00fcr den Anfangsbuchstaben.&nbsp;<\/p>\n\n\n\n<p class=\"has-text-align-center\"><strong>Reihen<\/strong>namen gelten nicht, nur die Untertitel des Reihenbands.<\/p>\n","protected":false},"excerpt":{"rendered":"<p>Regeln und mehr findet ihr bei Nicole auf dem Blog Zeit f\u00fcr neue Genres. Ziel ist es f\u00fcr jedes Buch ein passendes Buch zu lesen. Kurz und knapp:Wie funktioniert es? Zahlen&nbsp;z\u00e4hlen nur, wenn diese ausgeschrieben sind. Ihr lest zu jedem&#8230;<\/p>\n","protected":false},"author":1,"featured_media":10359,"parent":0,"menu_order":0,"comment_status":"closed","ping_status":"closed","template":"","meta":{"jetpack_post_was_ever_published":false,"footnotes":"","_links_to":"","_links_to_target":""},"class_list":["post-10358","page","type-page","status-publish","has-post-thumbnail","hentry"],"jetpack_likes_enabled":true,"jetpack-related-posts":[],"jetpack_sharing_enabled":true,"_links":{"self":[{"href":"https:\/\/rubystintengewisper.de\/index.php?rest_route=\/wp\/v2\/pages\/10358","targetHints":{"allow":["GET"]}}],"collection":[{"href":"https:\/\/rubystintengewisper.de\/index.php?rest_route=\/wp\/v2\/pages"}],"about":[{"href":"https:\/\/rubystintengewisper.de\/index.php?rest_route=\/wp\/v2\/types\/page"}],"author":[{"embeddable":true,"href":"https:\/\/rubystintengewisper.de\/index.php?rest_route=\/wp\/v2\/users\/1"}],"replies":[{"embeddable":true,"href":"https:\/\/rubystintengewisper.de\/index.php?rest_route=%2Fwp%2Fv2%2Fcomments&post=10358"}],"version-history":[{"count":4,"href":"https:\/\/rubystintengewisper.de\/index.php?rest_route=\/wp\/v2\/pages\/10358\/revisions"}],"predecessor-version":[{"id":10974,"href":"https:\/\/rubystintengewisper.de\/index.php?rest_route=\/wp\/v2\/pages\/10358\/revisions\/10974"}],"wp:featuredmedia":[{"embeddable":true,"href":"https:\/\/rubystintengewisper.de\/index.php?rest_route=\/wp\/v2\/media\/10359"}],"wp:attachment":[{"href":"https:\/\/rubystintengewisper.de\/index.php?rest_route=%2Fwp%2Fv2%2Fmedia&parent=10358"}],"curies":[{"name":"wp","href":"https:\/\/api.w.org\/{rel}","templated":true}]}}