{"id":104,"date":"2021-08-08T13:45:18","date_gmt":"2021-08-08T13:45:18","guid":{"rendered":"http:\/\/rubystintengewisper.de\/?page_id=104"},"modified":"2025-08-18T13:51:44","modified_gmt":"2025-08-18T12:51:44","slug":"buecher-nach-reihe-u-z","status":"publish","type":"page","link":"https:\/\/rubystintengewisper.de\/?page_id=104","title":{"rendered":"B\u00fccher nach Reihe: U-Z"},"content":{"rendered":"\n<p class=\"has-text-align-center\">\u2b1c\u2192 Dieses Buch habe ich noch nicht gelesen<br>\u2611\ufe0f \u2192 Dieses Buch habe ich schon gelesen<\/p>\n\n\n\n<p><\/p>\n\n\n\n<p><\/p>\n\n\n\n<figure class=\"wp-block-image size-full\"><img loading=\"lazy\" decoding=\"async\" width=\"150\" height=\"150\" src=\"https:\/\/rubystintengewisper.de\/wp-content\/uploads\/2021\/08\/U.png\" alt=\"\" class=\"wp-image-1374\"\/><\/figure>\n\n\n\n<p><em><strong>Ulrike Schweikert \u2192 Sabine Berner und Peter von Borgo<\/strong><\/em><br>\u2611\ufe0f 1.&nbsp;<a href=\"https:\/\/rubystintengewisper.de\/?p=394\" data-type=\"URL\" data-id=\"https:\/\/rubystintengewisper.de\/?p=394\">Das Herz der Nacht (Vorgeschichte)<\/a><br>\u2b1c 2. Der Duft des Blutes<br>\u2b1c 3. Feuer der Rache<br>\u2b1c 4. Engel der Verdammten<br><br><\/p>\n\n\n\n<figure class=\"wp-block-image size-full\"><img loading=\"lazy\" decoding=\"async\" width=\"150\" height=\"150\" src=\"https:\/\/rubystintengewisper.de\/wp-content\/uploads\/2021\/08\/V.png\" alt=\"\" class=\"wp-image-1375\"\/><\/figure>\n\n\n\n<p><em><strong>Vanessa Walder \u2192 M\u00c4\u00c4\u00c4H <\/strong><\/em><strong><em>(<\/em><\/strong> 3\/3)<br>\u2611\ufe0f 1. <a href=\"https:\/\/rubystintengewisper.de\/?p=379\" data-type=\"URL\" data-id=\"https:\/\/rubystintengewisper.de\/?p=379\">Das wilde M\u00c4\u00c4\u00c4H<\/a><br>\u2611\ufe0f 2. <a href=\"https:\/\/rubystintengewisper.de\/?p=381\" data-type=\"URL\" data-id=\"https:\/\/rubystintengewisper.de\/?p=381\">Das wilde M\u00c4\u00c4\u00c4H und die Monster-Mission<\/a><br>\u2611\ufe0f 3. <a href=\"https:\/\/rubystintengewisper.de\/?p=384\" data-type=\"URL\" data-id=\"https:\/\/rubystintengewisper.de\/?p=384\">Das wilde M\u00c4\u00c4\u00c4H und die Irgendwo-Insel<\/a><br><br><strong><em>Victoria Aveyard \u2192 Realm Breaker<\/em><\/strong> <strong>(1\/3)<\/strong><br>\u2611\ufe0f 1. <a href=\"https:\/\/rubystintengewisper.de\/?p=1974&amp;_thumbnail_id=1896\" data-type=\"URL\" data-id=\"https:\/\/rubystintengewisper.de\/?p=1974&amp;_thumbnail_id=1896\">Das Reich der Asche<\/a><br>\u2b1c 2.<br>\u2b1c 3. <\/p>\n\n\n\n<p><strong><em>Vanessa Len \u2192 Dynastie der Zeitreisenden<\/em> (2\/3)<\/strong><br>\u2611\ufe0f 1. <a href=\"https:\/\/rubystintengewisper.de\/?p=4958\" data-type=\"URL\" data-id=\"https:\/\/rubystintengewisper.de\/?p=4958\">Only a Monster<\/a><br>\u2611\ufe0f 2. <a href=\"https:\/\/rubystintengewisper.de\/?p=6159\" data-type=\"link\" data-id=\"https:\/\/rubystintengewisper.de\/?p=6159\">Never a Hero<\/a><br>\u2b1c 3. <br><br><strong><em>Victor Dixen \u2192 Vampyria<\/em><\/strong> <strong>(1\/3)<\/strong><br>\u2611\ufe0f 1. <a href=\"https:\/\/rubystintengewisper.de\/?p=5595\" data-type=\"link\" data-id=\"https:\/\/rubystintengewisper.de\/?p=5595\">Hof der Finsternis<\/a><br>\u2b1c 2.<br>\u2b1c 3.<\/p>\n\n\n\n<p><br><\/p>\n\n\n\n<p><br><br><br><\/p>\n\n\n\n<figure class=\"wp-block-image size-full\"><img loading=\"lazy\" decoding=\"async\" width=\"150\" height=\"150\" src=\"https:\/\/rubystintengewisper.de\/wp-content\/uploads\/2021\/08\/W.png\" alt=\"\" class=\"wp-image-1376\"\/><\/figure>\n\n\n\n<p><strong><em>Walter Moers \u2192 Zaomien<\/em><\/strong> <br>\u2b1c 1.<br>\u2b1c 2.<br>\u2b1c 3.<br>\u2b1c 4.<br>\u2b1c 5.<br>\u2b1c 6.<br>\u2611\ufe0f 7. <a href=\"https:\/\/rubystintengewisper.de\/?p=839\" data-type=\"URL\" data-id=\"https:\/\/rubystintengewisper.de\/?p=839\">Prinzessin Insomnia &amp; der alptraumfarbene Nachtmahr &nbsp;<\/a>&nbsp;<br>\u2611\ufe0f 8. <a href=\"https:\/\/rubystintengewisper.de\/?p=526\" data-type=\"URL\" data-id=\"https:\/\/rubystintengewisper.de\/?p=526\">Der B\u00fccherdrache<\/a><br><br><br><\/p>\n\n\n\n<figure class=\"wp-block-image size-full\"><img loading=\"lazy\" decoding=\"async\" width=\"150\" height=\"150\" src=\"https:\/\/rubystintengewisper.de\/wp-content\/uploads\/2021\/08\/X.png\" alt=\"\" class=\"wp-image-1377\"\/><\/figure>\n\n\n\n<p>\u2b1c1.<br><br><br><\/p>\n\n\n\n<figure class=\"wp-block-image size-full\"><img loading=\"lazy\" decoding=\"async\" width=\"150\" height=\"150\" src=\"https:\/\/rubystintengewisper.de\/wp-content\/uploads\/2021\/08\/Y.png\" alt=\"\" class=\"wp-image-1378\"\/><\/figure>\n\n\n\n<p><em><strong>Yasmine Galenorn<\/strong><\/em><br>\u2611\ufe0f 1. <a href=\"https:\/\/rubystintengewisper.de\/?p=437\" data-type=\"URL\" data-id=\"https:\/\/rubystintengewisper.de\/?p=437\">Die Hexe<\/a><br>\u2611\ufe0f 2. <a href=\"https:\/\/rubystintengewisper.de\/?p=905\" data-type=\"URL\" data-id=\"https:\/\/rubystintengewisper.de\/?p=905\">Die Katze<\/a><br>\u2b1c 3. Die Vampirin<br>\u2b1c 4.<br><br><em><strong>Yuu Kamiya \u2192 No Game No Life<\/strong><\/em><br>\u2611\ufe0f 1. <a href=\"https:\/\/rubystintengewisper.de\/?p=806\" data-type=\"URL\" data-id=\"https:\/\/rubystintengewisper.de\/?p=806\">Band 1<\/a><br>\u2611\ufe0f 2. <a href=\"https:\/\/rubystintengewisper.de\/?p=808\" data-type=\"URL\" data-id=\"https:\/\/rubystintengewisper.de\/?p=808\">Band 2<\/a><br>\u2611\ufe0f 3. <a href=\"https:\/\/rubystintengewisper.de\/?p=810\" data-type=\"URL\" data-id=\"https:\/\/rubystintengewisper.de\/?p=810\">Band 3<\/a><br>\u2b1c 4.<br>\u2b1c 5.<br><br><strong><em>Young-do Lee \u2192 Legende des Tr\u00e4nenvogels<\/em><\/strong><br>\u2611\ufe0f 1. <a href=\"https:\/\/rubystintengewisper.de\/?p=8775\" data-type=\"link\" data-id=\"https:\/\/rubystintengewisper.de\/?p=8775\">Das Blut der Herzlosen<\/a><br>\u2b1c 2. Der tr\u00e4umende Krieger<br>\u2b1c 3. Der Feuergeist<br>\u2b1c 4. Die Suche nach dem K\u00f6nig<br><br><\/p>\n\n\n\n<figure class=\"wp-block-image size-full\"><img loading=\"lazy\" decoding=\"async\" width=\"150\" height=\"150\" src=\"https:\/\/rubystintengewisper.de\/wp-content\/uploads\/2021\/08\/Z.png\" alt=\"\" class=\"wp-image-1379\"\/><\/figure>\n\n\n\n<p>\u2b1c 1.<\/p>\n","protected":false},"excerpt":{"rendered":"<p>\u2b1c\u2192 Dieses Buch habe ich noch nicht gelesen\u2611\ufe0f \u2192 Dieses Buch habe ich schon gelesen Ulrike Schweikert \u2192 Sabine Berner und Peter von Borgo\u2611\ufe0f 1.&nbsp;Das Herz der Nacht (Vorgeschichte)\u2b1c 2. Der Duft des Blutes\u2b1c 3. Feuer der Rache\u2b1c 4. Engel&#8230;<\/p>\n","protected":false},"author":1,"featured_media":0,"parent":0,"menu_order":0,"comment_status":"closed","ping_status":"closed","template":"","meta":{"jetpack_post_was_ever_published":false,"footnotes":"","_links_to":"","_links_to_target":""},"class_list":["post-104","page","type-page","status-publish","hentry"],"jetpack_likes_enabled":true,"jetpack-related-posts":[],"jetpack_sharing_enabled":true,"_links":{"self":[{"href":"https:\/\/rubystintengewisper.de\/index.php?rest_route=\/wp\/v2\/pages\/104","targetHints":{"allow":["GET"]}}],"collection":[{"href":"https:\/\/rubystintengewisper.de\/index.php?rest_route=\/wp\/v2\/pages"}],"about":[{"href":"https:\/\/rubystintengewisper.de\/index.php?rest_route=\/wp\/v2\/types\/page"}],"author":[{"embeddable":true,"href":"https:\/\/rubystintengewisper.de\/index.php?rest_route=\/wp\/v2\/users\/1"}],"replies":[{"embeddable":true,"href":"https:\/\/rubystintengewisper.de\/index.php?rest_route=%2Fwp%2Fv2%2Fcomments&post=104"}],"version-history":[{"count":9,"href":"https:\/\/rubystintengewisper.de\/index.php?rest_route=\/wp\/v2\/pages\/104\/revisions"}],"predecessor-version":[{"id":9743,"href":"https:\/\/rubystintengewisper.de\/index.php?rest_route=\/wp\/v2\/pages\/104\/revisions\/9743"}],"wp:attachment":[{"href":"https:\/\/rubystintengewisper.de\/index.php?rest_route=%2Fwp%2Fv2%2Fmedia&parent=104"}],"curies":[{"name":"wp","href":"https:\/\/api.w.org\/{rel}","templated":true}]}}