{"id":1418,"date":"2021-08-12T21:41:22","date_gmt":"2021-08-12T21:41:22","guid":{"rendered":"http:\/\/rubystintengewisper.de\/?page_id=1418"},"modified":"2021-08-12T21:41:23","modified_gmt":"2021-08-12T21:41:23","slug":"bewertungssystem","status":"publish","type":"page","link":"https:\/\/rubystintengewisper.de\/?page_id=1418","title":{"rendered":"Bewertungssystem"},"content":{"rendered":"\n<p class=\"has-text-align-center has-normal-font-size\">Punkte. Sterne. Federn oder, wie bei mir, Kr\u00fcmelt\u00f6rtchen. Bewertungssysteme, die sich schon irgendwie auf eine feste Note beziehen, gibt es unendlich viele. Auf meinem alten Blog hatte ich das auch, bin aber schon seit einer geraumen Zeit nicht mehr so wirklich 100% zufrieden damit gewesen. Viel zu oft standen B\u00fccher f\u00fcr mich irgendwie dazwischen. Waren weder Fisch noch Fleisch sozusagen und oft hatte ich das Gef\u00fchl, ihnen mit meiner Bewertung doch nicht so ganz gerecht zu werden. Wie sollte man so etwas also bewerten? Halbe Sterne? Und wenn ich so weit ging, wie weit waren dann Viertel-Sterne entfernt? Also habe ich beschlossen mit dem Umzug alles mal \u00fcber den Haufen zu werfen und mir etwas Neues zu suchen.<br><\/p>\n\n\n\n<p class=\"has-text-align-center\" style=\"font-size:25px\"><strong>Und ich fand es!!<\/strong><\/p>\n\n\n\n<p class=\"has-text-align-center\">Auf einigen Blogs stie\u00df ich auf die Idee das Ganze in eher lockere Kategorien einzugrenzen. Keine festen Punkte. Keine straffen Rahmen. Perfekt!! Also B\u00fchne frei f\u00fcr die neuen Kategorien auf Rubys Tintengewisper.<\/p>\n\n\n\n<p><\/p>\n\n\n\n<hr class=\"wp-block-separator\"\/>\n\n\n\n<div class=\"wp-block-image\"><figure class=\"aligncenter size-full is-resized\"><img loading=\"lazy\" decoding=\"async\" src=\"https:\/\/rubystintengewisper.de\/wp-content\/uploads\/2021\/08\/Must-read.png\" alt=\"\" class=\"wp-image-1420\" width=\"555\" height=\"119\" srcset=\"https:\/\/rubystintengewisper.de\/wp-content\/uploads\/2021\/08\/Must-read.png 700w, https:\/\/rubystintengewisper.de\/wp-content\/uploads\/2021\/08\/Must-read-300x64.png 300w\" sizes=\"auto, (max-width: 555px) 100vw, 555px\" \/><\/figure><\/div>\n\n\n\n<p class=\"has-text-align-center\">Wie ihr bestimmt schon vermutet hat, verstecken sich unter diesen Buchstaben meine echten Herzensb\u00fccher. Jene, Werke, die man am liebsten jedem, der nicht bei drei auf dem n\u00e4chsten Baum ist, in die Hand dr\u00fccken m\u00f6chte, damit er\/sie es liest und man zusammen richtig ins Schw\u00e4rmen geraten kann. Es sind B\u00fccher, bei denen mir selbst jetzt noch kleine Szenen in den Sinn kommen und mir ein L\u00e4cheln auf die Lippen zaubern.<br>Darunter z\u00e4hlen f\u00fcr mich zb. <a href=\"https:\/\/rubystintengewisper.de\/?p=801\" data-type=\"URL\" data-id=\"https:\/\/rubystintengewisper.de\/?p=801\">Nevernight von Jay Kristoff<\/a> oder auch <a href=\"https:\/\/rubystintengewisper.de\/?p=323\" data-type=\"URL\" data-id=\"https:\/\/rubystintengewisper.de\/?p=323\">Crescent City von Sarah J. Maas.<\/a><\/p>\n\n\n\n<p><\/p>\n\n\n\n<hr class=\"wp-block-separator aligncenter\"\/>\n\n\n\n<div class=\"wp-block-image\"><figure class=\"aligncenter size-full is-resized\"><img loading=\"lazy\" decoding=\"async\" src=\"https:\/\/rubystintengewisper.de\/wp-content\/uploads\/2021\/08\/Buchtipp.png\" alt=\"\" class=\"wp-image-1425\" width=\"579\" height=\"124\" srcset=\"https:\/\/rubystintengewisper.de\/wp-content\/uploads\/2021\/08\/Buchtipp.png 700w, https:\/\/rubystintengewisper.de\/wp-content\/uploads\/2021\/08\/Buchtipp-300x64.png 300w\" sizes=\"auto, (max-width: 579px) 100vw, 579px\" \/><\/figure><\/div>\n\n\n\n<p class=\"has-text-align-center\">Hier verstecken sich die B\u00fccher, welche mich trotz gewisser Ecken und Kanten durch ihren Stil, ihr Thema oder einfach die tollen Charaktere wunderbar unterhalten haben. Ihnen fehlte zwar etwas zum Lieblingsbuch, sind aber trotzdem eine klare Leseempfehlung.<br>Als Beispiel daf\u00fcr sehe ich hier den <a href=\"https:\/\/rubystintengewisper.de\/?p=1142\" data-type=\"URL\" data-id=\"https:\/\/rubystintengewisper.de\/?p=1142\">4. Teil der Shadow Falls Reihe<\/a> oder auch <a href=\"https:\/\/rubystintengewisper.de\/?p=631\" data-type=\"URL\" data-id=\"https:\/\/rubystintengewisper.de\/?p=631\">Grim &#8211; Das Siegel des Feuers von Gesa Schwartz.<\/a><\/p>\n\n\n\n<p><\/p>\n\n\n\n<hr class=\"wp-block-separator\"\/>\n\n\n\n<div class=\"wp-block-image\"><figure class=\"aligncenter size-full is-resized\"><img loading=\"lazy\" decoding=\"async\" src=\"https:\/\/rubystintengewisper.de\/wp-content\/uploads\/2021\/08\/Geschmackssache.png\" alt=\"\" class=\"wp-image-1427\" width=\"499\" height=\"107\" srcset=\"https:\/\/rubystintengewisper.de\/wp-content\/uploads\/2021\/08\/Geschmackssache.png 700w, https:\/\/rubystintengewisper.de\/wp-content\/uploads\/2021\/08\/Geschmackssache-300x64.png 300w\" sizes=\"auto, (max-width: 499px) 100vw, 499px\" \/><\/figure><\/div>\n\n\n\n<p class=\"has-text-align-center\">Hier drunter z\u00e4hlen B\u00fccher, welche f\u00fcr mich zwischen gut und m\u00e4hh pendeln. Sie machen zum gr\u00f6\u00dften Teil Spa\u00df, sind aber nichts, was mir l\u00e4nger im Kopf bleiben wird. Dennoch sehe ich hier auch Potenzial nach oben. Bezieht sich diese Bewertung auf eine Reihe, h\u00e4ngt es f\u00fcr mich noch etwas in der Luft, ob ich sie weiter verfolge.<br>B\u00fccher die hierunter fallen sind zb. <a href=\"https:\/\/rubystintengewisper.de\/?p=697\" data-type=\"URL\" data-id=\"https:\/\/rubystintengewisper.de\/?p=697\">Henrietta, mein Geheimnis von Maja Hjertzell<\/a> oder <a href=\"https:\/\/rubystintengewisper.de\/?p=598\" data-type=\"URL\" data-id=\"https:\/\/rubystintengewisper.de\/?p=598\">Ein Schatz aus Papier und Magie von Traci Chee.<\/a><\/p>\n\n\n\n<p><\/p>\n\n\n\n<hr class=\"wp-block-separator\"\/>\n\n\n\n<div class=\"wp-block-image\"><figure class=\"aligncenter size-full is-resized\"><img loading=\"lazy\" decoding=\"async\" src=\"https:\/\/rubystintengewisper.de\/wp-content\/uploads\/2021\/08\/Fehlgriff.png\" alt=\"\" class=\"wp-image-1429\" width=\"537\" height=\"115\" srcset=\"https:\/\/rubystintengewisper.de\/wp-content\/uploads\/2021\/08\/Fehlgriff.png 700w, https:\/\/rubystintengewisper.de\/wp-content\/uploads\/2021\/08\/Fehlgriff-300x64.png 300w\" sizes=\"auto, (max-width: 537px) 100vw, 537px\" \/><\/figure><\/div>\n\n\n\n<p class=\"has-text-align-center\">Den Begriff bitte nicht ganz so w\u00f6rtlich nehmen. Zwar werden mit Sicherheit hier drunter B\u00fccher landen, welche mir so gar nicht gefallen haben, aber auch jene, wo ich Idee, Welt oder dergleichen gut fand, aber f\u00fcr mich das Potenzial einfach in den Sand gesetzt wurde. Ich wei\u00df nicht wie es euch bei so etwas geht, aber ich k\u00f6nnte dann immer vor lauter \u00c4rger in die Tischkante bei\u00dfen.<br>Als Beispiel gebe ich euch hier mal <a href=\"https:\/\/rubystintengewisper.de\/?p=506\" data-type=\"URL\" data-id=\"https:\/\/rubystintengewisper.de\/?p=506\">Die Trabbel-Drillinge von Anja Janotta<\/a> und <a href=\"https:\/\/rubystintengewisper.de\/?p=831\" data-type=\"URL\" data-id=\"https:\/\/rubystintengewisper.de\/?p=831\">Asche von Lori Handeland<\/a> an die Hand.<\/p>\n\n\n\n<p><\/p>\n\n\n\n<p><\/p>\n\n\n\n<div class=\"wp-block-image\"><figure class=\"aligncenter size-full is-resized\"><img loading=\"lazy\" decoding=\"async\" src=\"https:\/\/rubystintengewisper.de\/wp-content\/uploads\/2021\/08\/Eure-Ruby-tinte-test.png\" alt=\"\" class=\"wp-image-1431\" width=\"238\" height=\"51\" srcset=\"https:\/\/rubystintengewisper.de\/wp-content\/uploads\/2021\/08\/Eure-Ruby-tinte-test.png 700w, https:\/\/rubystintengewisper.de\/wp-content\/uploads\/2021\/08\/Eure-Ruby-tinte-test-300x64.png 300w\" sizes=\"auto, (max-width: 238px) 100vw, 238px\" \/><\/figure><\/div>\n\n\n\n<p><\/p>\n\n\n\n<p><\/p>\n\n\n\n<p><\/p>\n\n\n\n<p><\/p>\n\n\n\n<p><\/p>\n\n\n\n<p><\/p>\n\n\n\n<p><\/p>\n\n\n\n<p><\/p>\n\n\n\n<p><\/p>\n","protected":false},"excerpt":{"rendered":"<p>Punkte. Sterne. Federn oder, wie bei mir, Kr\u00fcmelt\u00f6rtchen. Bewertungssysteme, die sich schon irgendwie auf eine feste Note beziehen, gibt es unendlich viele. Auf meinem alten Blog hatte ich das auch, bin aber schon seit einer geraumen Zeit nicht mehr so&#8230;<\/p>\n","protected":false},"author":1,"featured_media":0,"parent":0,"menu_order":0,"comment_status":"closed","ping_status":"closed","template":"","meta":{"jetpack_post_was_ever_published":false,"footnotes":"","_links_to":"","_links_to_target":""},"class_list":["post-1418","page","type-page","status-publish","hentry"],"jetpack_likes_enabled":true,"jetpack-related-posts":[],"jetpack_sharing_enabled":true,"_links":{"self":[{"href":"https:\/\/rubystintengewisper.de\/index.php?rest_route=\/wp\/v2\/pages\/1418","targetHints":{"allow":["GET"]}}],"collection":[{"href":"https:\/\/rubystintengewisper.de\/index.php?rest_route=\/wp\/v2\/pages"}],"about":[{"href":"https:\/\/rubystintengewisper.de\/index.php?rest_route=\/wp\/v2\/types\/page"}],"author":[{"embeddable":true,"href":"https:\/\/rubystintengewisper.de\/index.php?rest_route=\/wp\/v2\/users\/1"}],"replies":[{"embeddable":true,"href":"https:\/\/rubystintengewisper.de\/index.php?rest_route=%2Fwp%2Fv2%2Fcomments&post=1418"}],"version-history":[{"count":10,"href":"https:\/\/rubystintengewisper.de\/index.php?rest_route=\/wp\/v2\/pages\/1418\/revisions"}],"predecessor-version":[{"id":1433,"href":"https:\/\/rubystintengewisper.de\/index.php?rest_route=\/wp\/v2\/pages\/1418\/revisions\/1433"}],"wp:attachment":[{"href":"https:\/\/rubystintengewisper.de\/index.php?rest_route=%2Fwp%2Fv2%2Fmedia&parent=1418"}],"curies":[{"name":"wp","href":"https:\/\/api.w.org\/{rel}","templated":true}]}}