{"id":2244,"date":"2021-12-01T21:42:07","date_gmt":"2021-12-01T21:42:07","guid":{"rendered":"https:\/\/rubystintengewisper.de\/?page_id=2244"},"modified":"2026-01-01T23:18:04","modified_gmt":"2026-01-01T22:18:04","slug":"challenge-22-fuer-2022","status":"publish","type":"page","link":"https:\/\/rubystintengewisper.de\/?page_id=2244","title":{"rendered":"Challenge &#8211; 26 f\u00fcr 2026"},"content":{"rendered":"\n<p class=\"has-text-align-center\"><strong>Auch wenn ich bei der 25 f\u00fcr 2025 eher schlecht als recht abgeschnitten habe, h\u00e4lt mich das nat\u00fcrlich nicht von einem erneuten Versuch ab. Und da man sich in der Gruppe einfach mehr motiviert, schlie\u00dfe ich mich der lieben <a href=\"https:\/\/theartofreading.de\/challenges\/26fuer2026-challenge\/\" data-type=\"link\" data-id=\"https:\/\/theartofreading.de\/challenges\/26fuer2026-challenge\/\">Roxxie von The Art of Reading<\/a> doch gerne an.<br>Meine Liste steht schon und da ich in den letzten Jahren mit einer geplanten Liste nicht soooo weit kam, habe ich die Auswahl diesmal dem Gl\u00fcck \u00fcberlassen und die Reado-App meine B\u00fccher ausw\u00fcrfeln lassen.<\/strong> <strong>Das ist das Ergebnis:<\/strong><\/p>\n\n\n\n<p class=\"has-text-align-center has-vivid-purple-color has-text-color has-link-color wp-elements-1e02fb8ce9133bf193b0f0fc0865d54f\" style=\"font-size:25px\"><strong>26 \/ <\/strong>1<\/p>\n\n\n\n<ol class=\"wp-block-list\">\n<li class=\"has-vivid-cyan-blue-color has-text-color has-link-color wp-elements-7995e8f8d36f9b9da94a9ad251e6ba19\"><s>Buffy #2 &#8211; Hallowenn<\/s><\/li>\n\n\n\n<li class=\"has-vivid-purple-color has-text-color has-link-color wp-elements-e000f2d4c9a34d7569ca7b24fc3ff2bc\">Der Clan der Otori #1<\/li>\n\n\n\n<li class=\"has-vivid-cyan-blue-color has-text-color has-link-color wp-elements-54313a13bed33ace0c590e602b7867c0\">Zornr\u00f6schen<\/li>\n\n\n\n<li class=\"has-vivid-purple-color has-text-color has-link-color wp-elements-706201684af6adda14f95b5e12465246\">Morgenrot<\/li>\n\n\n\n<li class=\"has-vivid-cyan-blue-color has-text-color has-link-color wp-elements-95d27231c0022ab23511d0f5c21bbce6\">Wenn der Rabe ruft<\/li>\n\n\n\n<li class=\"has-vivid-purple-color has-text-color has-link-color wp-elements-1aa22fbad70904e04e72a2a1e73059a4\">Wolfsthrone<\/li>\n\n\n\n<li class=\"has-vivid-cyan-blue-color has-text-color has-link-color wp-elements-4fc0a8214da4e0cf192c9e9a272047f0\">Das Reich der Vampire<\/li>\n\n\n\n<li class=\"has-vivid-purple-color has-text-color has-link-color wp-elements-5919fe015f34dc1575d57bb42343a4d3\">Das Tal #1 &#8211; Das Spiel<\/li>\n\n\n\n<li class=\"has-vivid-cyan-blue-color has-text-color has-link-color wp-elements-376542956842a5e7bedb2b8e73ed2e52\">Roofer<\/li>\n\n\n\n<li class=\"has-vivid-purple-color has-text-color has-link-color wp-elements-6e2c395ff9494c6e6c869a5eb438ebc4\">Welch grausame Gnade<\/li>\n\n\n\n<li class=\"has-vivid-cyan-blue-color has-text-color has-link-color wp-elements-77c1953922d3a41b926c10c7a81ed647\">Animorphs #14<\/li>\n\n\n\n<li class=\"has-vivid-purple-color has-text-color has-link-color wp-elements-22d2d542b1adcf25734b9af8fed05564\">Chroniken von York #1<\/li>\n\n\n\n<li class=\"has-vivid-cyan-blue-color has-text-color has-link-color wp-elements-d42440223c05161385d08b877093a0bf\">Schloss der Engel<\/li>\n\n\n\n<li class=\"has-vivid-purple-color has-text-color has-link-color wp-elements-10c16b67b338c7e4dc7f7ab70cfbe804\">Haus der Vampire #5 &#8211; Der Nacht geweiht<\/li>\n\n\n\n<li class=\"has-vivid-cyan-blue-color has-text-color has-link-color wp-elements-3d2fd69f06960593cee1034bdc38f83c\">Crescent City #2<\/li>\n\n\n\n<li class=\"has-vivid-purple-color has-text-color has-link-color wp-elements-f85344c2b8d7ed96758166fc1afaccca\">Magierd\u00e4mmerung &#8211; F\u00fcr die Krone<\/li>\n\n\n\n<li class=\"has-vivid-cyan-blue-color has-text-color has-link-color wp-elements-2edff7f2e80169a4bdc5dff3b929b45b\">Ein Reif von Eisen &#8211; K\u00f6nigschroniken<\/li>\n\n\n\n<li class=\"has-vivid-purple-color has-text-color has-link-color wp-elements-2c690e4a8cf0cff4934326531541df65\">Lillesang<\/li>\n\n\n\n<li class=\"has-vivid-cyan-blue-color has-text-color has-link-color wp-elements-a9d61d4f66fa37862ca87665ef959b47\">Septimus Heap #1 &#8211; Magyk<\/li>\n\n\n\n<li class=\"has-vivid-purple-color has-text-color has-link-color wp-elements-686a494b9f6b5548ca77d6efb9b4623a\">Die Bestimmung<\/li>\n\n\n\n<li class=\"has-vivid-cyan-blue-color has-text-color has-link-color wp-elements-d589522ec8cc2202939d6b4bdf3abc8b\">Die Bibliothek der besonderen Kinder<\/li>\n\n\n\n<li class=\"has-vivid-purple-color has-text-color has-link-color wp-elements-187668c9ba52b236ef533d277eddeff7\">Samurai #3 &#8211; Der Weg des Drachen<\/li>\n\n\n\n<li class=\"has-vivid-cyan-blue-color has-text-color has-link-color wp-elements-fba937aba970748f2bd428c6c00d98c0\">Die Chroniken von Mistle End #1<\/li>\n\n\n\n<li class=\"has-vivid-purple-color has-text-color has-link-color wp-elements-8b334e3df0319fcba3d5f5d8b9e0172f\">Joyride<\/li>\n\n\n\n<li class=\"has-vivid-cyan-blue-color has-text-color has-link-color wp-elements-72680b02a705a6842b5fa0fff89847ce\">Wettlauf in der Nacht<\/li>\n\n\n\n<li class=\"has-vivid-purple-color has-text-color has-link-color wp-elements-cc1631c8ee2472874d79222110bfbfe2\">Midnight Princess #1<\/li>\n<\/ol>\n\n\n<div class=\"wp-block-image\">\n<figure class=\"aligncenter size-full\"><img loading=\"lazy\" decoding=\"async\" width=\"700\" height=\"150\" src=\"https:\/\/rubystintengewisper.de\/wp-content\/uploads\/2023\/05\/Eure-Ruby-tinte-test.png\" alt=\"\" class=\"wp-image-4784\" srcset=\"https:\/\/rubystintengewisper.de\/wp-content\/uploads\/2023\/05\/Eure-Ruby-tinte-test.png 700w, https:\/\/rubystintengewisper.de\/wp-content\/uploads\/2023\/05\/Eure-Ruby-tinte-test-300x64.png 300w\" sizes=\"auto, (max-width: 700px) 100vw, 700px\" \/><\/figure>\n<\/div>\n\n\n<p><\/p>\n","protected":false},"excerpt":{"rendered":"<p>Auch wenn ich bei der 25 f\u00fcr 2025 eher schlecht als recht abgeschnitten habe, h\u00e4lt mich das nat\u00fcrlich nicht von einem erneuten Versuch ab. Und da man sich in der Gruppe einfach mehr motiviert, schlie\u00dfe ich mich der lieben Roxxie&#8230;<\/p>\n","protected":false},"author":1,"featured_media":10324,"parent":0,"menu_order":0,"comment_status":"closed","ping_status":"closed","template":"","meta":{"jetpack_post_was_ever_published":false,"footnotes":"","_links_to":"","_links_to_target":""},"class_list":["post-2244","page","type-page","status-publish","has-post-thumbnail","hentry"],"jetpack_likes_enabled":true,"jetpack-related-posts":[],"jetpack_sharing_enabled":true,"_links":{"self":[{"href":"https:\/\/rubystintengewisper.de\/index.php?rest_route=\/wp\/v2\/pages\/2244","targetHints":{"allow":["GET"]}}],"collection":[{"href":"https:\/\/rubystintengewisper.de\/index.php?rest_route=\/wp\/v2\/pages"}],"about":[{"href":"https:\/\/rubystintengewisper.de\/index.php?rest_route=\/wp\/v2\/types\/page"}],"author":[{"embeddable":true,"href":"https:\/\/rubystintengewisper.de\/index.php?rest_route=\/wp\/v2\/users\/1"}],"replies":[{"embeddable":true,"href":"https:\/\/rubystintengewisper.de\/index.php?rest_route=%2Fwp%2Fv2%2Fcomments&post=2244"}],"version-history":[{"count":12,"href":"https:\/\/rubystintengewisper.de\/index.php?rest_route=\/wp\/v2\/pages\/2244\/revisions"}],"predecessor-version":[{"id":10498,"href":"https:\/\/rubystintengewisper.de\/index.php?rest_route=\/wp\/v2\/pages\/2244\/revisions\/10498"}],"wp:featuredmedia":[{"embeddable":true,"href":"https:\/\/rubystintengewisper.de\/index.php?rest_route=\/wp\/v2\/media\/10324"}],"wp:attachment":[{"href":"https:\/\/rubystintengewisper.de\/index.php?rest_route=%2Fwp%2Fv2%2Fmedia&parent=2244"}],"curies":[{"name":"wp","href":"https:\/\/api.w.org\/{rel}","templated":true}]}}