{"id":39,"date":"2021-08-07T15:25:43","date_gmt":"2021-08-07T15:25:43","guid":{"rendered":"http:\/\/rubystintengewisper.de\/?page_id=39"},"modified":"2021-08-07T15:25:44","modified_gmt":"2021-08-07T15:25:44","slug":"ruby","status":"publish","type":"page","link":"https:\/\/rubystintengewisper.de\/?page_id=39","title":{"rendered":"RUBY??"},"content":{"rendered":"\n<p class=\"has-drop-cap has-text-align-center has-black-color has-text-color\">Sp\u00e4testens in Momenten wie diesen, in denen man etwas von sich erz\u00e4hlen soll, f\u00e4llt einem wirklich nur banaler Kram wie Gr\u00f6\u00dfe und Haarfarbe ein. Also im Grunde genau das, was eigentlich niemanden wirklich interessiert. Naja, au\u00dfer vielleicht du bist ein Professor der eine Statistik \u00fcber die K\u00f6rpergr\u00f6\u00dfe von Bloggern erstellt. Dann tut es mir leid, das ich keine gro\u00dfe Hilfe bin. :3<br>&nbsp;Also wer bin ich? Nun, ich bin Ruby.<br><br>Ein verr\u00fcckter B\u00fccherwurm, der sich stundenlang \u00fcber Charakter aufregen und \u00fcber Enden heulen kann.<br>Ein Leckerm\u00e4ulchen, wenn ich meine Familie verw\u00f6hne, und eine sensible Seele, wenn es meinen Freunden schlecht geht.<br>All das und noch viel mehr. Aber ein ganzes Sein l\u00e4sst sich nun einmal nicht gerne in ein paar Zeilen quetschen. Da m\u00fcsste ich mich schon an ein dickeres Buch setzen :3 Wenn ihr also mehr \u00fcber mich erfahren wollt, verweilt einfach noch etwas hier. Stellt Fragen und lasst euch von mir in die Welt der B\u00fccher entf\u00fchren.Apropos B\u00fccher! *Da war ja noch was ^^*<br>An dieser Stelle m\u00f6chte ich anmerken, dass ich nach keinen Bestsellerlisten lese. Ob alt oder niegel-nagel-neu, was \u00fcberzeugt landet auf meinem SuB (Stapel ungelesener B\u00fccher &#8211; das eigentlich ein Regal ist &#8230; , &#8230; ich kann nichts daf\u00fcr :3) Manches etwas sp\u00e4ter, wie die Tribute von Panem, und manches kurz nach dem Erscheinen wie Silber- Das erste Buch der Tr\u00e4ume.<br>Falls euch das also immer noch nicht abschreckt, dann viel Spa\u00df beim Schm\u00f6kern und abtauchen in neue und alte Sch\u00e4tze. Viel Spa\u00df beim Verweilen und wer wei\u00df, vielleicht bin ich ja schuld wenn das ein oder andere Buch sich von meinem Blog auf euren SuB schleicht &#8230; :3<br><br>Tintengr\u00fc\u00dfe von der Ruby&nbsp;<\/p>\n","protected":false},"excerpt":{"rendered":"<p>Sp\u00e4testens in Momenten wie diesen, in denen man etwas von sich erz\u00e4hlen soll, f\u00e4llt einem wirklich nur banaler Kram wie Gr\u00f6\u00dfe und Haarfarbe ein. Also im Grunde genau das, was eigentlich niemanden wirklich interessiert. Naja, au\u00dfer vielleicht du bist ein&#8230;<\/p>\n","protected":false},"author":1,"featured_media":0,"parent":0,"menu_order":0,"comment_status":"closed","ping_status":"closed","template":"","meta":{"jetpack_post_was_ever_published":false,"footnotes":"","_links_to":"","_links_to_target":""},"class_list":["post-39","page","type-page","status-publish","hentry"],"jetpack_likes_enabled":true,"jetpack-related-posts":[],"jetpack_sharing_enabled":true,"_links":{"self":[{"href":"https:\/\/rubystintengewisper.de\/index.php?rest_route=\/wp\/v2\/pages\/39","targetHints":{"allow":["GET"]}}],"collection":[{"href":"https:\/\/rubystintengewisper.de\/index.php?rest_route=\/wp\/v2\/pages"}],"about":[{"href":"https:\/\/rubystintengewisper.de\/index.php?rest_route=\/wp\/v2\/types\/page"}],"author":[{"embeddable":true,"href":"https:\/\/rubystintengewisper.de\/index.php?rest_route=\/wp\/v2\/users\/1"}],"replies":[{"embeddable":true,"href":"https:\/\/rubystintengewisper.de\/index.php?rest_route=%2Fwp%2Fv2%2Fcomments&post=39"}],"version-history":[{"count":1,"href":"https:\/\/rubystintengewisper.de\/index.php?rest_route=\/wp\/v2\/pages\/39\/revisions"}],"predecessor-version":[{"id":40,"href":"https:\/\/rubystintengewisper.de\/index.php?rest_route=\/wp\/v2\/pages\/39\/revisions\/40"}],"wp:attachment":[{"href":"https:\/\/rubystintengewisper.de\/index.php?rest_route=%2Fwp%2Fv2%2Fmedia&parent=39"}],"curies":[{"name":"wp","href":"https:\/\/api.w.org\/{rel}","templated":true}]}}