{"id":8380,"date":"2024-12-07T21:51:41","date_gmt":"2024-12-07T20:51:41","guid":{"rendered":"https:\/\/rubystintengewisper.de\/?page_id=8380"},"modified":"2025-12-02T15:34:33","modified_gmt":"2025-12-02T14:34:33","slug":"die-sherlock-holmes-lesechallenge-2025","status":"publish","type":"page","link":"https:\/\/rubystintengewisper.de\/?page_id=8380","title":{"rendered":"Die Sherlock Holmes-Lesechallenge"},"content":{"rendered":"\n<p class=\"has-text-align-center\">Ich habe mir immer wieder vorgenommen, mich an die Sherlock Holmes Geschichten zu setzen. Aber selten kam ich \u00fcber die typischen Romane hinaus. Deswegen schlie\u00dfe ich mich dieses Jahr der <a href=\"https:\/\/buecherstube-buchblog.blogspot.com\/2024\/12\/ankundigung-die-sherlock-holmes.html\" data-type=\"link\" data-id=\"https:\/\/buecherstube-buchblog.blogspot.com\/2024\/12\/ankundigung-die-sherlock-holmes.html\"><strong>Challenge von Nicos B\u00fccherstube <\/strong><\/a>an und schaue mal, was am Ende dabei herauskommt.<br>Habe mir die Challenge einfach nicht nur auf ein Jahr beschr\u00e4nkt. ^^<\/p>\n\n\n\n<div class=\"wp-block-columns is-layout-flex wp-container-core-columns-is-layout-9d6595d7 wp-block-columns-is-layout-flex\">\n<div class=\"wp-block-column is-layout-flow wp-block-column-is-layout-flow\"><div class=\"wp-block-image\">\n<figure class=\"aligncenter size-full\"><img loading=\"lazy\" decoding=\"async\" width=\"358\" height=\"500\" src=\"https:\/\/rubystintengewisper.de\/wp-content\/uploads\/2024\/12\/Screenshot-2024-12-07-at-21-50-01-Sherlock-Holmes-Bd.-1-online-kaufen.png\" alt=\"\" class=\"wp-image-8382\" srcset=\"https:\/\/rubystintengewisper.de\/wp-content\/uploads\/2024\/12\/Screenshot-2024-12-07-at-21-50-01-Sherlock-Holmes-Bd.-1-online-kaufen.png 358w, https:\/\/rubystintengewisper.de\/wp-content\/uploads\/2024\/12\/Screenshot-2024-12-07-at-21-50-01-Sherlock-Holmes-Bd.-1-online-kaufen-215x300.png 215w\" sizes=\"auto, (max-width: 358px) 100vw, 358px\" \/><\/figure>\n<\/div><\/div>\n\n\n\n<div class=\"wp-block-column is-layout-flow wp-block-column-is-layout-flow\"><div class=\"wp-block-image\">\n<figure class=\"aligncenter size-full\"><img loading=\"lazy\" decoding=\"async\" width=\"351\" height=\"500\" src=\"https:\/\/rubystintengewisper.de\/wp-content\/uploads\/2024\/12\/Screenshot-2024-12-07-at-21-50-10-Sherlock-Holmes-Bd.-2-online-kaufen.png\" alt=\"\" class=\"wp-image-8383\" srcset=\"https:\/\/rubystintengewisper.de\/wp-content\/uploads\/2024\/12\/Screenshot-2024-12-07-at-21-50-10-Sherlock-Holmes-Bd.-2-online-kaufen.png 351w, https:\/\/rubystintengewisper.de\/wp-content\/uploads\/2024\/12\/Screenshot-2024-12-07-at-21-50-10-Sherlock-Holmes-Bd.-2-online-kaufen-211x300.png 211w\" sizes=\"auto, (max-width: 351px) 100vw, 351px\" \/><\/figure>\n<\/div><\/div>\n\n\n\n<div class=\"wp-block-column is-layout-flow wp-block-column-is-layout-flow\"><div class=\"wp-block-image\">\n<figure class=\"aligncenter size-full\"><img loading=\"lazy\" decoding=\"async\" width=\"362\" height=\"500\" src=\"https:\/\/rubystintengewisper.de\/wp-content\/uploads\/2024\/12\/Screenshot-2024-12-07-at-21-50-19-Sherlock-Holmes-Bd.-3-online-kaufen.png\" alt=\"\" class=\"wp-image-8384\" srcset=\"https:\/\/rubystintengewisper.de\/wp-content\/uploads\/2024\/12\/Screenshot-2024-12-07-at-21-50-19-Sherlock-Holmes-Bd.-3-online-kaufen.png 362w, https:\/\/rubystintengewisper.de\/wp-content\/uploads\/2024\/12\/Screenshot-2024-12-07-at-21-50-19-Sherlock-Holmes-Bd.-3-online-kaufen-217x300.png 217w\" sizes=\"auto, (max-width: 362px) 100vw, 362px\" \/><\/figure>\n<\/div><\/div>\n<\/div>\n\n\n\n<p class=\"has-text-align-center\">Eine Studie in Scharlachrot (Roman, 1887)<br>Das Zeichen der Vier (Roman, 1890)<br>&#8211; <strong>Die Abenteuer des Sherlock Holmes (Erz\u00e4hlungen, 1892)<\/strong> &#8211; <br>Ein Skandal in B\u00f6hmen (1891)<br>Der Bund der Rothaarigen (1891)<br>Eine Frage der Identit\u00e4t&nbsp;(1891)(Der verschwundene Br\u00e4utigam)<br>Das Geheimnis vom Boscombe-Tal&nbsp;(1891)<br>Die f\u00fcnf Orangenkerne (1891)<br>Der Mann mit der entstellten Lippe (1981) (Der Mann mit der Narbe)<br>Der blaue Karfunkel (1892)<br>Das gesprenkelte Band (1892)<br>Der Daumen des Ingenieurs (1892)<br>Der adlige Junggeselle oder Die verschwundene Braut (1892)<br>Die Beryll-Krone (1892) (Das Diadem)&nbsp;<br>Das Haus bei den Blutbuchen (1892)<br>Die Memoiren des Sherlock Holmes (Erz\u00e4hlungen, 1893)<br>Silberstern (Das verschwundene Rennpferd)<br>Das gelbe Gesicht<br>Der Angestellte des B\u00f6rsenmaklers (Der Fehler in der Rechnung)<br>Die Gloria Scott (Der erste Fall)<br>Das Musgrave-Ritual (Das Familienritual)<br>Die Junker von Reigate (Der abgerissene Zettel)<br>Der Verwachsene (Ein ganz einfacher Fall)<br>Der niedergelassene Patient (Die Brook Street Aff\u00e4re)<br>Der griechische Dolmetscher<br>Der Flottenvertrag (Das Geheimabkommen)<br>Das letzte Problem (Sherlock Holmes\u00b4 Untergang)<br>Der Hund von Baskerville (Roman, 1902 *) &#8211; als H\u00f6rbuch<br>&#8211; <strong>Die R\u00fcckkehr des Sherlock Holmes (Erz\u00e4hlungen, 1904)<\/strong> &#8211; <br>Das leere Haus<br>Der Baumeister aus Norwood<br>Die tanzenden M\u00e4nnchen<br>Die einsame Radfahrerin<br>Die Abteischule<br>Der Schwarze Peter<br>Charles Augustus Milverton<br>Die sechs Napoleons<br>Die drei Studenten<br>Der goldene Kneifer<br>Der verschollene Three-Quarter<br>Abbey Grange<br>Der zweite Fleck<br>Das Tal der Angst (Roman, 1915)&nbsp;<br>&#8211; <strong>Seine Abschiedsvorstellung (Erz\u00e4hlungen, 1917)&nbsp;<\/strong>&#8211;<br>Wisteria Lodge (Der Tiger von San Pedro)<br>Die Pappschachtel (Ein unheimliches Paket)<br>Der Rote Kreis<br>Die Bruce-Partington-Pl\u00e4ne<br>Der Detektiv auf dem Sterbebett<br>Das Verschwinden der Lady Frances Carfax<br>Der Teufelsfu\u00df<br>Seine Abschiedsvorstellung<br>&#8211; <strong>Sherlock Holmes\u2018 Buch der F\u00e4lle (Erz\u00e4hlungen, 1927)&nbsp;<\/strong>&#8211;<br>Der illustre Klient<br>Der erbleichte Soldat<br>Der Mazarin-Stein<br>Die Drei Giebel<br>Der Vampir von Sussex<br>Die drei Garridebs<br>Das R\u00e4tsel der Thor-Br\u00fccke<br>Der Mann mit dem geduckten Gang<br>Die L\u00f6wenm\u00e4hne<br>Die verschleierte Mieterin<br>Shoscombe Old Place<br>Der Farbenh\u00e4ndler im Ruhestand<\/p>\n","protected":false},"excerpt":{"rendered":"<p>Ich habe mir immer wieder vorgenommen, mich an die Sherlock Holmes Geschichten zu setzen. Aber selten kam ich \u00fcber die typischen Romane hinaus. Deswegen schlie\u00dfe ich mich dieses Jahr der Challenge von Nicos B\u00fccherstube an und schaue mal, was am&#8230;<\/p>\n","protected":false},"author":1,"featured_media":8381,"parent":0,"menu_order":0,"comment_status":"closed","ping_status":"closed","template":"","meta":{"jetpack_post_was_ever_published":false,"footnotes":"","_links_to":"","_links_to_target":""},"class_list":["post-8380","page","type-page","status-publish","has-post-thumbnail","hentry"],"jetpack_likes_enabled":true,"jetpack-related-posts":[],"jetpack_sharing_enabled":true,"_links":{"self":[{"href":"https:\/\/rubystintengewisper.de\/index.php?rest_route=\/wp\/v2\/pages\/8380","targetHints":{"allow":["GET"]}}],"collection":[{"href":"https:\/\/rubystintengewisper.de\/index.php?rest_route=\/wp\/v2\/pages"}],"about":[{"href":"https:\/\/rubystintengewisper.de\/index.php?rest_route=\/wp\/v2\/types\/page"}],"author":[{"embeddable":true,"href":"https:\/\/rubystintengewisper.de\/index.php?rest_route=\/wp\/v2\/users\/1"}],"replies":[{"embeddable":true,"href":"https:\/\/rubystintengewisper.de\/index.php?rest_route=%2Fwp%2Fv2%2Fcomments&post=8380"}],"version-history":[{"count":3,"href":"https:\/\/rubystintengewisper.de\/index.php?rest_route=\/wp\/v2\/pages\/8380\/revisions"}],"predecessor-version":[{"id":10322,"href":"https:\/\/rubystintengewisper.de\/index.php?rest_route=\/wp\/v2\/pages\/8380\/revisions\/10322"}],"wp:featuredmedia":[{"embeddable":true,"href":"https:\/\/rubystintengewisper.de\/index.php?rest_route=\/wp\/v2\/media\/8381"}],"wp:attachment":[{"href":"https:\/\/rubystintengewisper.de\/index.php?rest_route=%2Fwp%2Fv2%2Fmedia&parent=8380"}],"curies":[{"name":"wp","href":"https:\/\/api.w.org\/{rel}","templated":true}]}}